{"id":1455,"date":"2024-12-08T15:15:17","date_gmt":"2024-12-08T14:15:17","guid":{"rendered":"https:\/\/ortodoncjaozog.pl\/?page_id=1455"},"modified":"2026-01-13T13:47:38","modified_gmt":"2026-01-13T12:47:38","slug":"elementor-1455","status":"publish","type":"page","link":"https:\/\/ortodoncjaozog.pl\/?page_id=1455","title":{"rendered":"Cennik &#8211; dzieci"},"content":{"rendered":"\t\t<div data-elementor-type=\"wp-page\" data-elementor-id=\"1455\" class=\"elementor elementor-1455\">\n\t\t\t\t<div class=\"elementor-element elementor-element-81246b0 e-flex e-con-boxed qodef-elementor-content-no e-con e-parent\" data-id=\"81246b0\" data-element_type=\"container\" data-e-type=\"container\">\n\t\t\t\t\t<div class=\"e-con-inner\">\n\t\t\t\t<div class=\"elementor-element elementor-element-acce351 jltma-glass-effect-no elementor-widget elementor-widget-ma-pricing-table\" data-id=\"acce351\" data-element_type=\"widget\" data-e-type=\"widget\" data-widget_type=\"ma-pricing-table.default\">\n\t\t\t\t<div class=\"elementor-widget-container\">\n\t\t\t\t\t\n\t\t<section class=\"jltma-pricing-tables default-table text-center\">\n\n\t\t\t<div class=\"jltma-price-table \">\n\n\t\t\t\t\n\t\t\t\t\t\n\t\t<div class=\"jltma-price-table-head gradient-1\">\n\t\t\t\n\t\t\t\n\t\t\t\t\t\t\t<h3 class=\"jltma-price-table-title\">\n\t\t\t\t\tPRZED wizyt\u0105\t\t\t\t<\/h3>\n\t\t\t\n\t\t\t\n\t\t\t\t\t\n\t\t<div class=\"jltma-table-price-area\">\n\n\t\t\t\n\n\t\t<\/div><!-- \/.table-price-area -->\n\t\t\t<\/div><!-- \/.price-table-head -->\n\t\t\n\t\t\t\t\t<div class=\"jltma-price-table-details\">\n\n\t\t\t\t\t\t\t\t\t<ul>\n\t\t\t\t\t\t\t\t\t<li class=\"jltma-price-table-feature-text jltma-tooltip-item tooltip-top elementor-repeater-item-e3536cc\" data-tippy=\"1\" data-tippy-content=\"Feature One Tooltip\" data-tippy-placement=\"top\">\n\n\t\t\t\t\t\t<i aria-hidden=\"true\" class=\"eicon-check\"><\/i>\t\t\t\t\t\t\t<div class=\" jltma-tooltip-content\">\n\t\t\t\t\t\t\t\tprzyjmujemy pacjent\u00f3w od 10 r.\u017c.\t\t\t\t\t\t\t<\/div>\n\t\t\t\t\t\t\n\t\t\t\t\t<\/li>\n\t\t\t\t\t\t\t\t\t<li class=\"jltma-price-table-feature-text jltma-tooltip-item tooltip-top elementor-repeater-item-ecc1030\" data-tippy=\"1\" data-tippy-content=\"Feature Two Tooltip\" data-tippy-placement=\"top\">\n\n\t\t\t\t\t\t<i aria-hidden=\"true\" class=\"eicon-check\"><\/i>\t\t\t\t\t\t\t<div class=\" jltma-tooltip-content\">\n\t\t\t\t\t\t\t\tProsimy nie przychodzi\u0107 na wizyty z objawami przezi\u0119bienia lub choroby \t\t\t\t\t\t\t<\/div>\n\t\t\t\t\t\t\n\t\t\t\t\t<\/li>\n\t\t\t\t\t\t\t\t\t<li class=\"jltma-price-table-feature-text jltma-tooltip-item tooltip-top elementor-repeater-item-f6df5a1\" data-tippy=\"1\" data-tippy-content=\"Feature Three Tooltip\" data-tippy-placement=\"top\">\n\n\t\t\t\t\t\t<i aria-hidden=\"true\" class=\"eicon-check\"><\/i>\t\t\t\t\t\t\t<div class=\" jltma-tooltip-content\">\n\t\t\t\t\t\t\t\tProsimy aby na wizyty przychodzi\u0142o dziecko ze sta\u0142ym opiekunem &#8211; unikajmy roszad rodzic\u00f3w i niedom\u00f3wie\u0144 w kwestiach prowadzenia leczenia oraz wywiadu \t\t\t\t\t\t\t<\/div>\n\t\t\t\t\t\t\n\t\t\t\t\t<\/li>\n\t\t\t\t\n\t\t\t<\/ul>\n\t\t\t\n\t\t\t\t\t\t\n\t\t\t\t\t<\/div><!-- \/.price-table-details -->\n\n\t\t\t\t\t\n\n\t\t\t<\/div>\n\n\t\t<\/section>\n\n\n\t\t\t\t<\/div>\n\t\t\t\t<\/div>\n\t\t\t\t<div class=\"elementor-element elementor-element-b20f0de jltma-glass-effect-no elementor-widget elementor-widget-ma-pricing-table\" data-id=\"b20f0de\" data-element_type=\"widget\" data-e-type=\"widget\" data-widget_type=\"ma-pricing-table.default\">\n\t\t\t\t<div class=\"elementor-widget-container\">\n\t\t\t\t\t\n\t\t<section class=\"jltma-pricing-tables default-table text-center\">\n\n\t\t\t<div class=\"jltma-price-table \">\n\n\t\t\t\t\n\t\t\t\t\t\n\t\t<div class=\"jltma-price-table-head gradient-1\">\n\t\t\t\n\t\t\t\n\t\t\t\t\t\t\t<h3 class=\"jltma-price-table-title\">\n\t\t\t\t\tWizyta konsultacyjna\t\t\t\t<\/h3>\n\t\t\t\n\t\t\t\n\t\t\t\t\t\n\t\t<div class=\"jltma-table-price-area\">\n\n\t\t\t\t\t\t<span class=\"jltma-table-price-currency\">\n\t\t\t\tz\u0142\t\t\t<\/span>\n\t\t\t\t\t<span class=\"jltma-table-price-amount\">\n\t\t\t\t250\t\t\t<\/span>\n\t\t\n\n\t\t<\/div><!-- \/.table-price-area -->\n\t\t\t<\/div><!-- \/.price-table-head -->\n\t\t\n\t\t\t\t\t<div class=\"jltma-price-table-details\">\n\n\t\t\t\t\t\t\t\t\t<ul>\n\t\t\t\t\t\t\t\t\t<li class=\"jltma-price-table-feature-text jltma-tooltip-item tooltip-top elementor-repeater-item-e3536cc\" data-tippy=\"1\" data-tippy-content=\"Feature One Tooltip\" data-tippy-placement=\"top\">\n\n\t\t\t\t\t\t<i aria-hidden=\"true\" class=\"eicon-check\"><\/i>\t\t\t\t\t\t\t<div class=\" jltma-tooltip-content\">\n\t\t\t\t\t\t\t\tOm\u00f3wienie wady zgryzu\t\t\t\t\t\t\t<\/div>\n\t\t\t\t\t\t\n\t\t\t\t\t<\/li>\n\t\t\t\t\t\t\t\t\t<li class=\"jltma-price-table-feature-text jltma-tooltip-item tooltip-top elementor-repeater-item-ecc1030\" data-tippy=\"1\" data-tippy-content=\"Feature Two Tooltip\" data-tippy-placement=\"top\">\n\n\t\t\t\t\t\t<i aria-hidden=\"true\" class=\"eicon-check\"><\/i>\t\t\t\t\t\t\t<div class=\" jltma-tooltip-content\">\n\t\t\t\t\t\t\t\tOm\u00f3wienie planowanego leczenia\t\t\t\t\t\t\t<\/div>\n\t\t\t\t\t\t\n\t\t\t\t\t<\/li>\n\t\t\t\t\t\t\t\t\t<li class=\"jltma-price-table-feature-text jltma-tooltip-item tooltip-top elementor-repeater-item-f6df5a1\" data-tippy=\"1\" data-tippy-content=\"Feature Three Tooltip\" data-tippy-placement=\"top\">\n\n\t\t\t\t\t\t<i aria-hidden=\"true\" class=\"eicon-check\"><\/i>\t\t\t\t\t\t\t<div class=\" jltma-tooltip-content\">\n\t\t\t\t\t\t\t\tOkre\u015blenie potrzeb leczniczych i rozmowa na temat alternatywnych metod leczenia\t\t\t\t\t\t\t<\/div>\n\t\t\t\t\t\t\n\t\t\t\t\t<\/li>\n\t\t\t\t\n\t\t\t<\/ul>\n\t\t\t\n\t\t\t\t\t\t\n\t\t\t\t\t<\/div><!-- \/.price-table-details -->\n\n\t\t\t\t\t\n\n\t\t\t<\/div>\n\n\t\t<\/section>\n\n\n\t\t\t\t<\/div>\n\t\t\t\t<\/div>\n\t\t\t\t<div class=\"elementor-element elementor-element-70c6589 jltma-glass-effect-no elementor-widget elementor-widget-ma-pricing-table\" data-id=\"70c6589\" data-element_type=\"widget\" data-e-type=\"widget\" data-widget_type=\"ma-pricing-table.default\">\n\t\t\t\t<div class=\"elementor-widget-container\">\n\t\t\t\t\t\n\t\t<section class=\"jltma-pricing-tables default-table text-center\">\n\n\t\t\t<div class=\"jltma-price-table \">\n\n\t\t\t\t\n\t\t\t\t\t\n\t\t<div class=\"jltma-price-table-head gradient-1\">\n\t\t\t\n\t\t\t\n\t\t\t\t\t\t\t<h3 class=\"jltma-price-table-title\">\n\t\t\t\t\tWizyta przygotowawcza\t\t\t\t<\/h3>\n\t\t\t\n\t\t\t\n\t\t\t\t\t\n\t\t<div class=\"jltma-table-price-area\">\n\n\t\t\t\t\t\t<span class=\"jltma-table-price-currency\">\n\t\t\t\tz\u0142\t\t\t<\/span>\n\t\t\t\t\t<span class=\"jltma-table-price-amount\">\n\t\t\t\t200\t\t\t<\/span>\n\t\t\n\n\t\t<\/div><!-- \/.table-price-area -->\n\t\t\t<\/div><!-- \/.price-table-head -->\n\t\t\n\t\t\t\t\t<div class=\"jltma-price-table-details\">\n\n\t\t\t\t\t\t\t\t\t<ul>\n\t\t\t\t\t\t\t\t\t<li class=\"jltma-price-table-feature-text jltma-tooltip-item tooltip-top elementor-repeater-item-e3536cc\" data-tippy=\"1\" data-tippy-content=\"Feature One Tooltip\" data-tippy-placement=\"top\">\n\n\t\t\t\t\t\t<i aria-hidden=\"true\" class=\"eicon-check\"><\/i>\t\t\t\t\t\t\t<div class=\" jltma-tooltip-content\">\n\t\t\t\t\t\t\t\tWykonanie dokumentacji fotograficznej\t\t\t\t\t\t\t<\/div>\n\t\t\t\t\t\t\n\t\t\t\t\t<\/li>\n\t\t\t\t\t\t\t\t\t<li class=\"jltma-price-table-feature-text jltma-tooltip-item tooltip-top elementor-repeater-item-ecc1030\" data-tippy=\"1\" data-tippy-content=\"Feature Two Tooltip\" data-tippy-placement=\"top\">\n\n\t\t\t\t\t\t<i aria-hidden=\"true\" class=\"eicon-check\"><\/i>\t\t\t\t\t\t\t<div class=\" jltma-tooltip-content\">\n\t\t\t\t\t\t\t\tWykonanie skan\u00f3w &#8211; cyfrowych wycisk\u00f3w najnowocze\u015bniejszym skanerem 3D iTero Lumina\t\t\t\t\t\t\t<\/div>\n\t\t\t\t\t\t\n\t\t\t\t\t<\/li>\n\t\t\t\t\t\t\t\t\t<li class=\"jltma-price-table-feature-text\" data-tippy=\"1\" data-tippy-content=\"Feature Two Tooltip\" data-tippy-placement=\"top\">\n\n\t\t\t\t\t\t<i aria-hidden=\"true\" class=\"eicon-check\"><\/i>\t\t\t\t\t\t\t<div class=\" jltma-tooltip-content\">\n\t\t\t\t\t\t\t\tWyb\u00f3r koloru i naklejek kt\u00f3re zostan\u0105 umieszczone w p\u0142ycie aparatu \t\t\t\t\t\t\t<\/div>\n\t\t\t\t\t\t\n\t\t\t\t\t<\/li>\n\t\t\t\t\t\t\t\t\t<li class=\"jltma-price-table-feature-text\" data-tippy=\"1\" data-tippy-content=\"Feature Two Tooltip\" data-tippy-placement=\"top\">\n\n\t\t\t\t\t\t<i aria-hidden=\"true\" class=\"fas fa-chevron-circle-right\"><\/i>\t\t\t\t\t\t\t<div class=\" jltma-tooltip-content\">\n\t\t\t\t\t\t\t\tZach\u0119camy do zapoznania si\u0119 z nasz\u0105 galeri\u0105 aparat\u00f3w na Instagramie w poszukiwaniu inspiracji \ud83d\ude42 \t\t\t\t\t\t\t<\/div>\n\t\t\t\t\t\t\n\t\t\t\t\t<\/li>\n\t\t\t\t\n\t\t\t<\/ul>\n\t\t\t\n\t\t\t\t\t\t\n\t\t\t\t\t<\/div><!-- \/.price-table-details -->\n\n\t\t\t\t\t\n\n\t\t\t<\/div>\n\n\t\t<\/section>\n\n\n\t\t\t\t<\/div>\n\t\t\t\t<\/div>\n\t\t\t\t<div class=\"elementor-element elementor-element-1ac308d jltma-glass-effect-no elementor-widget elementor-widget-ma-pricing-table\" data-id=\"1ac308d\" data-element_type=\"widget\" data-e-type=\"widget\" data-widget_type=\"ma-pricing-table.default\">\n\t\t\t\t<div class=\"elementor-widget-container\">\n\t\t\t\t\t\n\t\t<section class=\"jltma-pricing-tables default-table text-center\">\n\n\t\t\t<div class=\"jltma-price-table \">\n\n\t\t\t\t\n\t\t\t\t\t\n\t\t<div class=\"jltma-price-table-head gradient-1\">\n\t\t\t\n\t\t\t\n\t\t\t\t\t\t\t<h3 class=\"jltma-price-table-title\">\n\t\t\t\t\tOddanie aparatu zdjemowanego\t\t\t\t<\/h3>\n\t\t\t\n\t\t\t\n\t\t\t\t\t\n\t\t<div class=\"jltma-table-price-area\">\n\n\t\t\t\t\t\t<span class=\"jltma-table-price-currency\">\n\t\t\t\tz\u0142\t\t\t<\/span>\n\t\t\t\t\t<span class=\"jltma-table-price-amount\">\n\t\t\t\t1700\t\t\t<\/span>\n\t\t\n\n\t\t<\/div><!-- \/.table-price-area -->\n\t\t\t<\/div><!-- \/.price-table-head -->\n\t\t\n\t\t\t\t\t<div class=\"jltma-price-table-details\">\n\n\t\t\t\t\t\t\t\t\t<ul>\n\t\t\t\t\t\t\t\t\t<li class=\"jltma-price-table-feature-text jltma-tooltip-item tooltip-top elementor-repeater-item-e3536cc\" data-tippy=\"1\" data-tippy-content=\"Feature One Tooltip\" data-tippy-placement=\"top\">\n\n\t\t\t\t\t\t<i aria-hidden=\"true\" class=\"eicon-check\"><\/i>\t\t\t\t\t\t\t<div class=\" jltma-tooltip-content\">\n\t\t\t\t\t\t\t\tOddanie aparatu oraz instrukta\u017c u\u017cytkowania\t\t\t\t\t\t\t<\/div>\n\t\t\t\t\t\t\n\t\t\t\t\t<\/li>\n\t\t\t\t\t\t\t\t\t<li class=\"jltma-price-table-feature-text jltma-tooltip-item tooltip-top elementor-repeater-item-ecc1030\" data-tippy=\"1\" data-tippy-content=\"Feature Two Tooltip\" data-tippy-placement=\"top\">\n\n\t\t\t\t\t\t<i aria-hidden=\"true\" class=\"eicon-check\"><\/i>\t\t\t\t\t\t\t<div class=\" jltma-tooltip-content\">\n\t\t\t\t\t\t\t\tWydanie zalece\u0144 w zakresie higieny i u\u017cytkowania\t\t\t\t\t\t\t<\/div>\n\t\t\t\t\t\t\n\t\t\t\t\t<\/li>\n\t\t\t\t\n\t\t\t<\/ul>\n\t\t\t\n\t\t\t\t\t\t\n\t\t\t\t\t<\/div><!-- \/.price-table-details -->\n\n\t\t\t\t\t\n\n\t\t\t<\/div>\n\n\t\t<\/section>\n\n\n\t\t\t\t<\/div>\n\t\t\t\t<\/div>\n\t\t\t\t<div class=\"elementor-element elementor-element-a5e6315 jltma-glass-effect-no elementor-widget elementor-widget-ma-pricing-table\" data-id=\"a5e6315\" data-element_type=\"widget\" data-e-type=\"widget\" data-widget_type=\"ma-pricing-table.default\">\n\t\t\t\t<div class=\"elementor-widget-container\">\n\t\t\t\t\t\n\t\t<section class=\"jltma-pricing-tables default-table text-center\">\n\n\t\t\t<div class=\"jltma-price-table \">\n\n\t\t\t\t\n\t\t\t\t\t\n\t\t<div class=\"jltma-price-table-head gradient-1\">\n\t\t\t\n\t\t\t\n\t\t\t\t\t\t\t<h3 class=\"jltma-price-table-title\">\n\t\t\t\t\tNaprawa aparatu\t\t\t\t<\/h3>\n\t\t\t\n\t\t\t\n\t\t\t\t\t\n\t\t<div class=\"jltma-table-price-area\">\n\n\t\t\t\t\t\t<span class=\"jltma-table-price-currency\">\n\t\t\t\tz\u0142\t\t\t<\/span>\n\t\t\t\t\t<span class=\"jltma-table-price-amount\">\n\t\t\t\t800\t\t\t<\/span>\n\t\t\n\n\t\t<\/div><!-- \/.table-price-area -->\n\t\t\t<\/div><!-- \/.price-table-head -->\n\t\t\n\t\t\t\t\t<div class=\"jltma-price-table-details\">\n\n\t\t\t\t\t\t\t\t\t<ul>\n\t\t\t\t\t\t\t\t\t<li class=\"jltma-price-table-feature-text jltma-tooltip-item tooltip-top elementor-repeater-item-e3536cc\" data-tippy=\"1\" data-tippy-content=\"Feature One Tooltip\" data-tippy-placement=\"top\">\n\n\t\t\t\t\t\t<i aria-hidden=\"true\" class=\"eicon-check\"><\/i>\t\t\t\t\t\t\t<div class=\" jltma-tooltip-content\">\n\t\t\t\t\t\t\t\tNaprawa uszkodzonego aparatu przez Pacjenta\t\t\t\t\t\t\t<\/div>\n\t\t\t\t\t\t\n\t\t\t\t\t<\/li>\n\t\t\t\t\t\t\t\t\t<li class=\"jltma-price-table-feature-text\" data-tippy=\"1\" data-tippy-content=\"Feature One Tooltip\" data-tippy-placement=\"top\">\n\n\t\t\t\t\t\t<i aria-hidden=\"true\" class=\"eicon-check\"><\/i>\t\t\t\t\t\t\t<div class=\" jltma-tooltip-content\">\n\t\t\t\t\t\t\t\tDopasowanie aparatu przez technika gdy nie jest mo\u017cliwe dopasowanie wewn\u0105trzustne na wizycie\t\t\t\t\t\t\t<\/div>\n\t\t\t\t\t\t\n\t\t\t\t\t<\/li>\n\t\t\t\t\n\t\t\t<\/ul>\n\t\t\t\n\t\t\t\t\t\t\n\t\t\t\t\t<\/div><!-- \/.price-table-details -->\n\n\t\t\t\t\t\n\n\t\t\t<\/div>\n\n\t\t<\/section>\n\n\n\t\t\t\t<\/div>\n\t\t\t\t<\/div>\n\t\t\t\t<div class=\"elementor-element elementor-element-0ad1d61 jltma-glass-effect-no elementor-widget elementor-widget-ma-pricing-table\" data-id=\"0ad1d61\" data-element_type=\"widget\" data-e-type=\"widget\" data-widget_type=\"ma-pricing-table.default\">\n\t\t\t\t<div class=\"elementor-widget-container\">\n\t\t\t\t\t\n\t\t<section class=\"jltma-pricing-tables default-table text-center\">\n\n\t\t\t<div class=\"jltma-price-table \">\n\n\t\t\t\t\n\t\t\t\t\t\n\t\t<div class=\"jltma-price-table-head gradient-1\">\n\t\t\t\n\t\t\t\n\t\t\t\t\t\t\t<h3 class=\"jltma-price-table-title\">\n\t\t\t\t\tZgubienie aparatu\t\t\t\t<\/h3>\n\t\t\t\n\t\t\t\n\t\t\t\t\t\n\t\t<div class=\"jltma-table-price-area\">\n\n\t\t\t\t\t\t<span class=\"jltma-table-price-currency\">\n\t\t\t\tz\u0142\t\t\t<\/span>\n\t\t\t\t\t<span class=\"jltma-table-price-amount\">\n\t\t\t\t1700\t\t\t<\/span>\n\t\t\n\n\t\t<\/div><!-- \/.table-price-area -->\n\t\t\t<\/div><!-- \/.price-table-head -->\n\t\t\n\t\t\t\t\t<div class=\"jltma-price-table-details\">\n\n\t\t\t\t\t\t\t\t\t<ul>\n\t\t\t\t\t\t\t\t\t<li class=\"jltma-price-table-feature-text jltma-tooltip-item tooltip-top elementor-repeater-item-e3536cc\" data-tippy=\"1\" data-tippy-content=\"Feature One Tooltip\" data-tippy-placement=\"top\">\n\n\t\t\t\t\t\t<i aria-hidden=\"true\" class=\"eicon-check\"><\/i>\t\t\t\t\t\t\t<div class=\" jltma-tooltip-content\">\n\t\t\t\t\t\t\t\tWykonanie nowego aparatu kiedy Pacjent zgubi\\zniszczy aparat tak, \u017ce nie jest mo\u017cliwa jego naprawa \t\t\t\t\t\t\t<\/div>\n\t\t\t\t\t\t\n\t\t\t\t\t<\/li>\n\t\t\t\t\n\t\t\t<\/ul>\n\t\t\t\n\t\t\t\t\t\t\n\t\t\t\t\t<\/div><!-- \/.price-table-details -->\n\n\t\t\t\t\t\n\n\t\t\t<\/div>\n\n\t\t<\/section>\n\n\n\t\t\t\t<\/div>\n\t\t\t\t<\/div>\n\t\t\t\t\t<\/div>\n\t\t\t\t<\/div>\n\t\t\t\t<\/div>\n\t\t","protected":false},"excerpt":{"rendered":"<p>PRZED wizyt\u0105 przyjmujemy pacjent\u00f3w od 10 r.\u017c. Prosimy nie przychodzi\u0107 na wizyty z objawami przezi\u0119bienia lub choroby Prosimy aby na wizyty przychodzi\u0142o dziecko ze sta\u0142ym opiekunem &#8211; unikajmy roszad rodzic\u00f3w i niedom\u00f3wie\u0144 w kwestiach prowadzenia leczenia oraz wywiadu Wizyta konsultacyjna z\u0142 250 Om\u00f3wienie wady zgryzu Om\u00f3wienie planowanego leczenia Okre\u015blenie potrzeb [&hellip;]<\/p>\n","protected":false},"author":1,"featured_media":0,"parent":0,"menu_order":0,"comment_status":"closed","ping_status":"closed","template":"page-templates\/template-pagebuilder-full-width.php","meta":{"_eb_attr":"","footnotes":""},"class_list":["post-1455","page","type-page","status-publish","hentry"],"_links":{"self":[{"href":"https:\/\/ortodoncjaozog.pl\/index.php?rest_route=\/wp\/v2\/pages\/1455","targetHints":{"allow":["GET"]}}],"collection":[{"href":"https:\/\/ortodoncjaozog.pl\/index.php?rest_route=\/wp\/v2\/pages"}],"about":[{"href":"https:\/\/ortodoncjaozog.pl\/index.php?rest_route=\/wp\/v2\/types\/page"}],"author":[{"embeddable":true,"href":"https:\/\/ortodoncjaozog.pl\/index.php?rest_route=\/wp\/v2\/users\/1"}],"replies":[{"embeddable":true,"href":"https:\/\/ortodoncjaozog.pl\/index.php?rest_route=%2Fwp%2Fv2%2Fcomments&post=1455"}],"version-history":[{"count":14,"href":"https:\/\/ortodoncjaozog.pl\/index.php?rest_route=\/wp\/v2\/pages\/1455\/revisions"}],"predecessor-version":[{"id":1502,"href":"https:\/\/ortodoncjaozog.pl\/index.php?rest_route=\/wp\/v2\/pages\/1455\/revisions\/1502"}],"wp:attachment":[{"href":"https:\/\/ortodoncjaozog.pl\/index.php?rest_route=%2Fwp%2Fv2%2Fmedia&parent=1455"}],"curies":[{"name":"wp","href":"https:\/\/api.w.org\/{rel}","templated":true}]}}