{"id":1485,"date":"2026-01-04T21:53:34","date_gmt":"2026-01-04T20:53:34","guid":{"rendered":"https:\/\/ortodoncjaozog.pl\/?page_id=1485"},"modified":"2026-01-04T21:53:56","modified_gmt":"2026-01-04T20:53:56","slug":"konsultacja-formularz","status":"publish","type":"page","link":"https:\/\/ortodoncjaozog.pl\/?page_id=1485","title":{"rendered":"Konsultacja &#8211; formularz"},"content":{"rendered":"\t\t<div data-elementor-type=\"wp-page\" data-elementor-id=\"1485\" class=\"elementor elementor-1485\">\n\t\t\t\t<div class=\"elementor-element elementor-element-44252a5e e-flex e-con-boxed qodef-elementor-content-no e-con e-parent\" data-id=\"44252a5e\" data-element_type=\"container\" data-e-type=\"container\">\n\t\t\t\t\t<div class=\"e-con-inner\">\n\t\t\t\t<div class=\"elementor-element elementor-element-4b421f83 jltma-glass-effect-no elementor-widget elementor-widget-text-editor\" data-id=\"4b421f83\" data-element_type=\"widget\" data-e-type=\"widget\" data-widget_type=\"text-editor.default\">\n\t\t\t\t<div class=\"elementor-widget-container\">\n\t\t\t\t\t\t\t\t\t<div class=\"frm_forms  with_frm_style frm_style_styl-formidable\" id=\"frm_form_2_container\" data-token=\"fe23dc961f74b5c4cc81681d41219331\" data-token=\"fe23dc961f74b5c4cc81681d41219331\" data-token=\"fe23dc961f74b5c4cc81681d41219331\">\n<form enctype=\"multipart\/form-data\" method=\"post\" class=\"frm-show-form  frm_pro_form \" id=\"form_konsultacja\" data-token=\"fe23dc961f74b5c4cc81681d41219331\" data-token=\"fe23dc961f74b5c4cc81681d41219331\" data-token=\"fe23dc961f74b5c4cc81681d41219331\">\n<div class=\"frm_form_fields \">\n<fieldset>\n<legend class=\"frm_screen_reader\">Konsultacja<\/legend>\r\n\r\n<div class=\"frm_fields_container\">\n<input type=\"hidden\" name=\"frm_action\" value=\"create\" \/>\n<input type=\"hidden\" name=\"form_id\" value=\"2\" \/>\n<input type=\"hidden\" name=\"frm_hide_fields_2\" id=\"frm_hide_fields_2\" value=\"\" \/>\n<input type=\"hidden\" name=\"form_key\" value=\"konsultacja\" \/>\n<input type=\"hidden\" name=\"item_meta[0]\" value=\"\" \/>\n<input type=\"hidden\" id=\"frm_submit_entry_2\" name=\"frm_submit_entry_2\" value=\"bd1748013c\" \/><input type=\"hidden\" name=\"_wp_http_referer\" value=\"\/index.php?rest_route=%2Fwp%2Fv2%2Fpages%2F1485\" \/><div id=\"frm_field_7_container\" class=\"frm_form_field form-field  frm_top_container\">\r\n\t<label for=\"field_eejy8\" id=\"field_eejy8_label\" class=\"frm_primary_label\">E-mail\r\n\t\t<span class=\"frm_required\" aria-hidden=\"true\"><\/span>\r\n\t<\/label>\r\n\t<input type=\"email\" id=\"field_eejy8\" name=\"item_meta[7]\" value=\"\"  data-invmsg=\"E-mail jest nieprawid\u0142owe\" aria-invalid=\"false\"  \/>\r\n\t\r\n\t\r\n<\/div>\n<div id=\"frm_field_12_container\" class=\"frm_form_field form-field  frm_top_container vertical_radio\">\r\n\t<div  id=\"field_rsi1y_label\" class=\"frm_primary_label\">Wiek\r\n\t\t<span class=\"frm_required\" aria-hidden=\"true\"><\/span>\r\n\t<\/div>\r\n\t<div class=\"frm_opt_container\" aria-labelledby=\"field_rsi1y_label\" role=\"radiogroup\">\t\t<div class=\"frm_radio\" id=\"frm_radio_12-0\">\t\t\t<label  for=\"field_rsi1y-0\">\n\t\t\t\t\t<input type=\"radio\" name=\"item_meta[12]\" id=\"field_rsi1y-0\" value=\"Doros\u0142y\"\n\t\t data-invmsg=\"Wiek jest nieprawid\u0142owe\"   \/> Doros\u0142y<\/label><\/div>\n\t\t<div class=\"frm_radio\" id=\"frm_radio_12-1\">\t\t\t<label  for=\"field_rsi1y-1\">\n\t\t\t\t\t<input type=\"radio\" name=\"item_meta[12]\" id=\"field_rsi1y-1\" value=\"Nastolatek 10-18 r.\u017c\"\n\t\t data-invmsg=\"Wiek jest nieprawid\u0142owe\"   \/> Nastolatek 10-18 r.\u017c<\/label><\/div>\n<\/div>\r\n\t\r\n\t\r\n<\/div>\n<div id=\"frm_field_13_container\" class=\"frm_form_field form-field  frm_top_container\">\r\n\t<label for=\"field_3z36c\" id=\"field_3z36c_label\" class=\"frm_primary_label\">Nazwisko\r\n\t\t<span class=\"frm_required\" aria-hidden=\"true\"><\/span>\r\n\t<\/label>\r\n\t<input  type=\"text\" id=\"field_3z36c\" name=\"item_meta[13]\" value=\"\"  data-invmsg=\"Nazwisko jest nieprawid\u0142owe\" aria-invalid=\"false\"   \/>\r\n\t\r\n\t\r\n<\/div>\n<div id=\"frm_field_14_container\" class=\"frm_form_field form-field  frm_top_container\">\r\n\t<label for=\"field_90ise\" id=\"field_90ise_label\" class=\"frm_primary_label\">Imi\u0119\r\n\t\t<span class=\"frm_required\" aria-hidden=\"true\"><\/span>\r\n\t<\/label>\r\n\t<input  type=\"text\" id=\"field_90ise\" name=\"item_meta[14]\" value=\"\"  data-invmsg=\"Imi\u0119 jest nieprawid\u0142owe\" aria-invalid=\"false\"   \/>\r\n\t\r\n\t\r\n<\/div>\n<div id=\"frm_field_15_container\" class=\"frm_form_field form-field  frm_top_container\">\r\n\t<label for=\"field_ae5o1\" id=\"field_ae5o1_label\" class=\"frm_primary_label\">Data w formacie DD-MM-RRRR\r\n\t\t<span class=\"frm_required\" aria-hidden=\"true\"><\/span>\r\n\t<\/label>\r\n\t<input  type=\"text\" id=\"field_ae5o1\" name=\"item_meta[15]\" value=\"\"  data-invmsg=\"Data w formacie DD-MM-RRRR jest nieprawid\u0142owe\" aria-invalid=\"false\"   \/>\r\n\t\r\n\t\r\n<\/div>\n<div id=\"frm_field_6_container\" class=\"frm_form_field form-field \">\r\n\t<div class=\"frm_submit frm_flex\">\r\n<button class=\"frm_button_submit frm_final_submit\" type=\"submit\"   formnovalidate=\"formnovalidate\">Wy\u015blij<\/button>\r\n\r\n\r\n\r\n<\/div>\r\n<\/div>\n\t<input type=\"hidden\" name=\"item_key\" value=\"\" \/>\n\t\t\t<div id=\"frm_field_18_container\">\n\t\t\t<label for=\"field_r0oyr\" >\n\t\t\t\tJe\u017celi jeste\u015b cz\u0142owiekiem, zostaw to pole puste.\t\t\t<\/label>\n\t\t\t<input  id=\"field_r0oyr\" type=\"text\" class=\"frm_form_field form-field frm_verify\" name=\"item_meta[18]\" value=\"\"  \/>\n\t\t<\/div>\n\t\t<input name=\"frm_state\" type=\"hidden\" value=\"KtVHEDDWWTR8jWc++rG\/b8BheCAAb\/LWm4p7uUco1+BjZQkXw3qTSAV7PkviuYJQ\" \/><\/div>\n<\/fieldset>\n<\/div>\n\n<p style=\"display: none !important;\" class=\"akismet-fields-container\" data-prefix=\"ak_\"><label>&#916;<textarea name=\"ak_hp_textarea\" cols=\"45\" rows=\"8\" maxlength=\"100\"><\/textarea><\/label><input type=\"hidden\" id=\"ak_js_3\" name=\"ak_js\" value=\"207\"\/><script>document.getElementById( \"ak_js_3\" ).setAttribute( \"value\", ( new Date() ).getTime() );<\/script><\/p><\/form>\n<\/div>\n\t\t\t\t\t\t\t\t<\/div>\n\t\t\t\t<\/div>\n\t\t\t\t\t<\/div>\n\t\t\t\t<\/div>\n\t\t\t\t<\/div>\n\t\t","protected":false},"excerpt":{"rendered":"","protected":false},"author":1,"featured_media":0,"parent":0,"menu_order":0,"comment_status":"closed","ping_status":"closed","template":"","meta":{"_eb_attr":"","footnotes":""},"class_list":["post-1485","page","type-page","status-publish","hentry"],"_links":{"self":[{"href":"https:\/\/ortodoncjaozog.pl\/index.php?rest_route=\/wp\/v2\/pages\/1485","targetHints":{"allow":["GET"]}}],"collection":[{"href":"https:\/\/ortodoncjaozog.pl\/index.php?rest_route=\/wp\/v2\/pages"}],"about":[{"href":"https:\/\/ortodoncjaozog.pl\/index.php?rest_route=\/wp\/v2\/types\/page"}],"author":[{"embeddable":true,"href":"https:\/\/ortodoncjaozog.pl\/index.php?rest_route=\/wp\/v2\/users\/1"}],"replies":[{"embeddable":true,"href":"https:\/\/ortodoncjaozog.pl\/index.php?rest_route=%2Fwp%2Fv2%2Fcomments&post=1485"}],"version-history":[{"count":3,"href":"https:\/\/ortodoncjaozog.pl\/index.php?rest_route=\/wp\/v2\/pages\/1485\/revisions"}],"predecessor-version":[{"id":1489,"href":"https:\/\/ortodoncjaozog.pl\/index.php?rest_route=\/wp\/v2\/pages\/1485\/revisions\/1489"}],"wp:attachment":[{"href":"https:\/\/ortodoncjaozog.pl\/index.php?rest_route=%2Fwp%2Fv2%2Fmedia&parent=1485"}],"curies":[{"name":"wp","href":"https:\/\/api.w.org\/{rel}","templated":true}]}}