{"id":715,"date":"2019-04-18T11:16:34","date_gmt":"2019-04-18T09:16:34","guid":{"rendered":"https:\/\/envothemes.com\/envo-ecommerce\/?page_id=53"},"modified":"2024-12-08T15:05:56","modified_gmt":"2024-12-08T14:05:56","slug":"o-mnie","status":"publish","type":"page","link":"https:\/\/ortodoncjaozog.pl\/?page_id=715","title":{"rendered":"O mnie"},"content":{"rendered":"\t\t<div data-elementor-type=\"wp-post\" data-elementor-id=\"715\" class=\"elementor elementor-715\">\n\t\t\t\t\t\t<section class=\"elementor-section elementor-top-section elementor-element elementor-element-224b9b6 elementor-section-full_width elementor-section-height-default elementor-section-height-default jltma-glass-effect-no qodef-elementor-content-no\" data-id=\"224b9b6\" data-element_type=\"section\" data-e-type=\"section\" data-settings=\"{&quot;background_background&quot;:&quot;classic&quot;,&quot;shape_divider_bottom&quot;:&quot;tilt&quot;}\">\n\t\t\t\t\t\t\t<div class=\"elementor-background-overlay\"><\/div>\n\t\t\t\t\t\t<div class=\"elementor-shape elementor-shape-bottom\" aria-hidden=\"true\" data-negative=\"false\">\n\t\t\t<svg xmlns=\"http:\/\/www.w3.org\/2000\/svg\" viewBox=\"0 0 1000 100\" preserveAspectRatio=\"none\">\n\t<path class=\"elementor-shape-fill\" d=\"M0,6V0h1000v100L0,6z\"\/>\n<\/svg>\t\t<\/div>\n\t\t\t\t\t<div class=\"elementor-container elementor-column-gap-default\">\n\t\t\t\t\t<div class=\"elementor-column elementor-col-100 elementor-top-column elementor-element elementor-element-d0f980b jltma-glass-effect-no\" data-id=\"d0f980b\" data-element_type=\"column\" data-e-type=\"column\">\n\t\t\t<div class=\"elementor-widget-wrap elementor-element-populated\">\n\t\t\t\t\t\t<section class=\"elementor-section elementor-inner-section elementor-element elementor-element-231d5ba elementor-section-boxed elementor-section-height-default elementor-section-height-default jltma-glass-effect-no qodef-elementor-content-no\" data-id=\"231d5ba\" data-element_type=\"section\" data-e-type=\"section\">\n\t\t\t\t\t\t<div class=\"elementor-container elementor-column-gap-default\">\n\t\t\t\t\t<div class=\"elementor-column elementor-col-100 elementor-inner-column elementor-element elementor-element-2c9489b jltma-glass-effect-no\" data-id=\"2c9489b\" data-element_type=\"column\" data-e-type=\"column\">\n\t\t\t<div class=\"elementor-widget-wrap elementor-element-populated\">\n\t\t\t\t\t\t<div class=\"elementor-element elementor-element-2d06514 jltma-glass-effect-no elementor-widget elementor-widget-heading\" data-id=\"2d06514\" data-element_type=\"widget\" data-e-type=\"widget\" data-widget_type=\"heading.default\">\n\t\t\t\t<div class=\"elementor-widget-container\">\n\t\t\t\t\t<h2 class=\"elementor-heading-title elementor-size-default\">Pare s\u0142\u00f3w o nas <\/h2>\t\t\t\t<\/div>\n\t\t\t\t<\/div>\n\t\t\t\t<div class=\"elementor-element elementor-element-e02ce18 jltma-glass-effect-no elementor-widget elementor-widget-heading\" data-id=\"e02ce18\" data-element_type=\"widget\" data-e-type=\"widget\" data-widget_type=\"heading.default\">\n\t\t\t\t<div class=\"elementor-widget-container\">\n\t\t\t\t\t<h5 class=\"elementor-heading-title elementor-size-default\">Poznajcie nas Bli\u017cej ... <\/h5>\t\t\t\t<\/div>\n\t\t\t\t<\/div>\n\t\t\t\t\t<\/div>\n\t\t<\/div>\n\t\t\t\t\t<\/div>\n\t\t<\/section>\n\t\t\t\t\t<\/div>\n\t\t<\/div>\n\t\t\t\t\t<\/div>\n\t\t<\/section>\n\t\t\t\t<section class=\"elementor-section elementor-top-section elementor-element elementor-element-9a8bc7c elementor-section-boxed elementor-section-height-default elementor-section-height-default jltma-glass-effect-no qodef-elementor-content-no\" data-id=\"9a8bc7c\" data-element_type=\"section\" data-e-type=\"section\">\n\t\t\t\t\t\t<div class=\"elementor-container elementor-column-gap-default\">\n\t\t\t\t\t<div class=\"elementor-column elementor-col-50 elementor-top-column elementor-element elementor-element-600fc55 animated-slow jltma-glass-effect-no elementor-invisible\" data-id=\"600fc55\" data-element_type=\"column\" data-e-type=\"column\" data-settings=\"{&quot;animation&quot;:&quot;fadeInLeft&quot;}\">\n\t\t\t<div class=\"elementor-widget-wrap elementor-element-populated\">\n\t\t\t\t\t\t<div class=\"elementor-element elementor-element-6da43f9 elementor-widget__width-initial elementor-widget-divider--view-line jltma-glass-effect-no elementor-widget elementor-widget-divider\" data-id=\"6da43f9\" data-element_type=\"widget\" data-e-type=\"widget\" data-widget_type=\"divider.default\">\n\t\t\t\t<div class=\"elementor-widget-container\">\n\t\t\t\t\t\t\t<div class=\"elementor-divider\">\n\t\t\t<span class=\"elementor-divider-separator\">\n\t\t\t\t\t\t<\/span>\n\t\t<\/div>\n\t\t\t\t\t\t<\/div>\n\t\t\t\t<\/div>\n\t\t\t\t<div class=\"elementor-element elementor-element-1694963 elementor-widget__width-auto jltma-glass-effect-no elementor-widget elementor-widget-heading\" data-id=\"1694963\" data-element_type=\"widget\" data-e-type=\"widget\" data-settings=\"{&quot;_animation&quot;:&quot;none&quot;,&quot;_animation_delay&quot;:300}\" data-widget_type=\"heading.default\">\n\t\t\t\t<div class=\"elementor-widget-container\">\n\t\t\t\t\t<h3 class=\"elementor-heading-title elementor-size-default\">O mnie<\/h3>\t\t\t\t<\/div>\n\t\t\t\t<\/div>\n\t\t\t\t<div class=\"elementor-element elementor-element-76e2d41 jltma-glass-effect-no elementor-widget elementor-widget-heading\" data-id=\"76e2d41\" data-element_type=\"widget\" data-e-type=\"widget\" data-widget_type=\"heading.default\">\n\t\t\t\t<div class=\"elementor-widget-container\">\n\t\t\t\t\t<h2 class=\"elementor-heading-title elementor-size-default\">lek dent&nbsp;<div>karol O\u017c\u00f3g<\/div><\/h2>\t\t\t\t<\/div>\n\t\t\t\t<\/div>\n\t\t\t\t<div class=\"elementor-element elementor-element-dbb89d1 jltma-glass-effect-no elementor-widget elementor-widget-text-editor\" data-id=\"dbb89d1\" data-element_type=\"widget\" data-e-type=\"widget\" data-widget_type=\"text-editor.default\">\n\t\t\t\t<div class=\"elementor-widget-container\">\n\t\t\t\t\t\t\t\t\t<p>Witam,<\/p><p>jestem absolwentem Collegium Medicum UJ.<\/p><p>Swoj\u0105 \u015bcie\u017ck\u0119 zawodow\u0105 od zawsze wi\u0105za\u0142em z leczeniem ortodontycznym dzieci i doros\u0142ych Pacjent\u00f3w.<\/p><p>Uko\u0144czy\u0142em wiele\u00a0<span style=\"caret-color: #020404; font-family: -apple-system, BlinkMacSystemFont, 'Segoe UI', Roboto, Helvetica, Arial, sans-serif, 'Apple Color Emoji', 'Segoe UI Emoji', 'Segoe UI Symbol'; font-size: 15px;\">\u00a0podyplomowych kurs\u00f3w w Polsce i za granic\u0105 m.in.: Orthodontic Seminars of California, Curriculum OrtoNaviSuperior. Jestem s\u0142uchaczem Angle\u2019a Society Ortodontics a tak\u017ce aktywnym cz\u0142onkiem wielu Towarzystw Ortodontycznych m.in. European Aligner Society. \u00a0<\/span><\/p>\t\t\t\t\t\t\t\t<\/div>\n\t\t\t\t<\/div>\n\t\t\t\t<div class=\"elementor-element elementor-element-47ef404 jltma-glass-effect-no elementor-widget elementor-widget-button\" data-id=\"47ef404\" data-element_type=\"widget\" data-e-type=\"widget\" data-widget_type=\"button.default\">\n\t\t\t\t<div class=\"elementor-widget-container\">\n\t\t\t\t\t\t\t\t\t<div class=\"elementor-button-wrapper\">\n\t\t\t\t\t<a class=\"elementor-button elementor-button-link elementor-size-md\" href=\"#\">\n\t\t\t\t\t\t<span class=\"elementor-button-content-wrapper\">\n\t\t\t\t\t\t<span class=\"elementor-button-icon\">\n\t\t\t\t<i aria-hidden=\"true\" class=\"icon icon-right-arrow\"><\/i>\t\t\t<\/span>\n\t\t\t\t\t\t\t\t\t<span class=\"elementor-button-text\">Learn More<\/span>\n\t\t\t\t\t<\/span>\n\t\t\t\t\t<\/a>\n\t\t\t\t<\/div>\n\t\t\t\t\t\t\t\t<\/div>\n\t\t\t\t<\/div>\n\t\t\t\t\t<\/div>\n\t\t<\/div>\n\t\t\t\t<div class=\"elementor-column elementor-col-50 elementor-top-column elementor-element elementor-element-b16bf7b jltma-glass-effect-no\" data-id=\"b16bf7b\" data-element_type=\"column\" data-e-type=\"column\">\n\t\t\t<div class=\"elementor-widget-wrap elementor-element-populated\">\n\t\t\t\t\t\t\t<\/div>\n\t\t<\/div>\n\t\t\t\t\t<\/div>\n\t\t<\/section>\n\t\t\t\t<\/div>\n\t\t","protected":false},"excerpt":{"rendered":"<p>Pare s\u0142\u00f3w o nas Poznajcie nas Bli\u017cej &#8230; O mnie lek dent&nbsp;karol O\u017c\u00f3g Witam, jestem absolwentem Collegium Medicum UJ. Swoj\u0105 \u015bcie\u017ck\u0119 zawodow\u0105 od zawsze wi\u0105za\u0142em z leczeniem ortodontycznym dzieci i doros\u0142ych Pacjent\u00f3w. Uko\u0144czy\u0142em wiele\u00a0\u00a0podyplomowych kurs\u00f3w w Polsce i za granic\u0105 m.in.: Orthodontic Seminars of California, Curriculum OrtoNaviSuperior. Jestem s\u0142uchaczem Angle\u2019a [&hellip;]<\/p>\n","protected":false},"author":1,"featured_media":0,"parent":0,"menu_order":0,"comment_status":"closed","ping_status":"closed","template":"","meta":{"_eb_attr":"","footnotes":""},"class_list":["post-715","page","type-page","status-publish","hentry"],"_links":{"self":[{"href":"https:\/\/ortodoncjaozog.pl\/index.php?rest_route=\/wp\/v2\/pages\/715","targetHints":{"allow":["GET"]}}],"collection":[{"href":"https:\/\/ortodoncjaozog.pl\/index.php?rest_route=\/wp\/v2\/pages"}],"about":[{"href":"https:\/\/ortodoncjaozog.pl\/index.php?rest_route=\/wp\/v2\/types\/page"}],"author":[{"embeddable":true,"href":"https:\/\/ortodoncjaozog.pl\/index.php?rest_route=\/wp\/v2\/users\/1"}],"replies":[{"embeddable":true,"href":"https:\/\/ortodoncjaozog.pl\/index.php?rest_route=%2Fwp%2Fv2%2Fcomments&post=715"}],"version-history":[{"count":16,"href":"https:\/\/ortodoncjaozog.pl\/index.php?rest_route=\/wp\/v2\/pages\/715\/revisions"}],"predecessor-version":[{"id":1451,"href":"https:\/\/ortodoncjaozog.pl\/index.php?rest_route=\/wp\/v2\/pages\/715\/revisions\/1451"}],"wp:attachment":[{"href":"https:\/\/ortodoncjaozog.pl\/index.php?rest_route=%2Fwp%2Fv2%2Fmedia&parent=715"}],"curies":[{"name":"wp","href":"https:\/\/api.w.org\/{rel}","templated":true}]}}