{"id":822,"date":"2023-07-19T11:12:03","date_gmt":"2023-07-19T09:12:03","guid":{"rendered":"https:\/\/ortodoncjaozog.pl\/?page_id=822"},"modified":"2024-03-30T17:03:58","modified_gmt":"2024-03-30T16:03:58","slug":"ortodoncja-ozog","status":"publish","type":"page","link":"https:\/\/ortodoncjaozog.pl\/?page_id=822","title":{"rendered":"METODY LECZENIA"},"content":{"rendered":"\t\t<div data-elementor-type=\"wp-page\" data-elementor-id=\"822\" class=\"elementor elementor-822\">\n\t\t\t\t\t\t<section class=\"elementor-section elementor-top-section elementor-element elementor-element-1507d44b elementor-section-boxed elementor-section-height-default elementor-section-height-default jltma-glass-effect-no qodef-elementor-content-no\" data-id=\"1507d44b\" data-element_type=\"section\" data-e-type=\"section\">\n\t\t\t\t\t\t<div class=\"elementor-container elementor-column-gap-default\">\n\t\t\t\t\t<div class=\"elementor-column elementor-col-100 elementor-top-column elementor-element elementor-element-1b15c164 jltma-glass-effect-no\" data-id=\"1b15c164\" data-element_type=\"column\" data-e-type=\"column\">\n\t\t\t<div class=\"elementor-widget-wrap\">\n\t\t\t\t\t\t\t<\/div>\n\t\t<\/div>\n\t\t\t\t\t<\/div>\n\t\t<\/section>\n\t\t<div class=\"elementor-element elementor-element-b57e570 e-con-full e-flex qodef-elementor-content-no e-con e-parent\" data-id=\"b57e570\" data-element_type=\"container\" data-e-type=\"container\" data-settings=\"{&quot;background_background&quot;:&quot;classic&quot;}\">\n\t\t\t\t<div class=\"elementor-element elementor-element-ed973e2 elementor-widget__width-auto jltma-glass-effect-no elementor-widget elementor-widget-heading\" data-id=\"ed973e2\" data-element_type=\"widget\" data-e-type=\"widget\" data-widget_type=\"heading.default\">\n\t\t\t\t<div class=\"elementor-widget-container\">\n\t\t\t\t\t<h2 class=\"elementor-heading-title elementor-size-default\">Nowoczesne metody leczenia ortodontycznego doros\u0142ych i dzieci<\/h2>\t\t\t\t<\/div>\n\t\t\t\t<\/div>\n\t\t<div class=\"elementor-element elementor-element-f8aad04 e-con-full e-flex qodef-elementor-content-no e-con e-child\" data-id=\"f8aad04\" data-element_type=\"container\" data-e-type=\"container\">\n\t\t\t\t<div class=\"elementor-element elementor-element-21df04c elementor-widget__width-auto jltma-glass-effect-no elementor-widget elementor-widget-text-editor\" data-id=\"21df04c\" data-element_type=\"widget\" data-e-type=\"widget\" data-widget_type=\"text-editor.default\">\n\t\t\t\t<div class=\"elementor-widget-container\">\n\t\t\t\t\t\t\t\t\t<p>Ka\u017cdy z naszych Pacjent\u00f3w otrzymuje<\/p>\n<p>&nbsp; &nbsp; &nbsp; &nbsp; &nbsp; &nbsp; &nbsp; &nbsp; &nbsp; &nbsp; &nbsp; &nbsp; &nbsp; &nbsp; &nbsp; &nbsp;&nbsp;<strong>I<\/strong>ndywidualny <strong>C<\/strong>yfrowy <strong>P<\/strong>lan <strong>L<\/strong>eczenia.&nbsp;<\/p>\n<p>Ma on posta\u0107 cyfrowej prezentacji gdzie omawiamy:&nbsp;<\/p>\n<p>&#8211; Pa\u0144stwa wad\u0119 zgryzu (wykorzystuj\u0105c analiz\u0119 Digital Smile Design) oraz spos\u00f3b jej leczenia&nbsp;<\/p>\n<p>&#8211; pe\u0142n\u0105 analiz\u0119 twarzy<\/p>\n<p>&#8211; pe\u0142n\u0105 analiz\u0119 zdj\u0119\u0107 RTG wraz z cyfrow\u0105 analiz\u0105 cefalometryczn\u0105<\/p>\n<p>&#8211; pe\u0142n\u0105 analiz\u0119 modeli lub skan\u00f3w&nbsp;<\/p>\n<p>&#8211; pe\u0142n\u0105 analiz\u0119 zdj\u0119\u0107 wewn\u0105trzustnych &nbsp;<\/p>\n<p>&#8211; biomechanik\u0119 leczenia czyli zaplanowane ruchy z\u0119b\u00f3w&nbsp;<\/p>\n<p>&#8211; kosztorys leczenia ortodontycznego&nbsp;<\/p>\n<p><\/p>\n<p>Plan leczenia jest dla Pa\u0144stwa drogowskazem&nbsp;<span style=\"font-size: inherit;\">oraz wyja\u015bnieniem jak b\u0119dzie przebiega\u0107 leczenie.&nbsp;<\/span><\/p>\n<p><span style=\"font-size: inherit;\">Cz\u0119sto na wizytach kontrolnych omawiamy go, przypominamy jakie nast\u0119puj\u0105 kolejne etapy leczenia w drodze po pi\u0119kny u\u015bmiech.&nbsp;<\/span><\/p>\n<p><span style=\"font-size: inherit;\"><br><\/span><\/p>\n<p><span style=\"font-size: inherit;\">W planie leczenia uwzgl\u0119dniamy dodatkowe zabiegi po sko\u0144czonym leczeniu ortodontycznym tj.&nbsp;<\/span>konieczno\u015b\u0107 wprowadzenia implant\u00f3w w celu odbudowy brak\u00f3w z\u0119bowych, wykonania lic\u00f3wek, most\u00f3w czy rekonstrukcji startych z\u0119b\u00f3w.&nbsp;<\/p>\n<p><br><\/p>\n<p><br><\/p>\n<p><\/p>\t\t\t\t\t\t\t\t<\/div>\n\t\t\t\t<\/div>\n\t\t<div class=\"elementor-element elementor-element-10ed982 e-flex e-con-boxed qodef-elementor-content-no e-con e-child\" data-id=\"10ed982\" data-element_type=\"container\" data-e-type=\"container\">\n\t\t\t\t\t<div class=\"e-con-inner\">\n\t\t\t\t<div class=\"elementor-element elementor-element-d1d958c elementor-widget__width-auto jltma-glass-effect-no elementor-widget elementor-widget-image\" data-id=\"d1d958c\" data-element_type=\"widget\" data-e-type=\"widget\" data-widget_type=\"image.default\">\n\t\t\t\t<div class=\"elementor-widget-container\">\n\t\t\t\t\t\t\t\t\t\t\t\t\t\t\t<img fetchpriority=\"high\" decoding=\"async\" width=\"300\" height=\"280\" src=\"https:\/\/ortodoncjaozog.pl\/wp-content\/uploads\/2023\/07\/IMG-1416-300x280.jpg\" class=\"attachment-medium size-medium wp-image-784\" alt=\"\" srcset=\"https:\/\/ortodoncjaozog.pl\/wp-content\/uploads\/2023\/07\/IMG-1416-300x280.jpg 300w, https:\/\/ortodoncjaozog.pl\/wp-content\/uploads\/2023\/07\/IMG-1416-1024x956.jpg 1024w, https:\/\/ortodoncjaozog.pl\/wp-content\/uploads\/2023\/07\/IMG-1416-768x717.jpg 768w, https:\/\/ortodoncjaozog.pl\/wp-content\/uploads\/2023\/07\/IMG-1416-600x560.jpg 600w, https:\/\/ortodoncjaozog.pl\/wp-content\/uploads\/2023\/07\/IMG-1416.jpg 1143w\" sizes=\"(max-width: 300px) 100vw, 300px\" \/>\t\t\t\t\t\t\t\t\t\t\t\t\t\t\t<\/div>\n\t\t\t\t<\/div>\n\t\t\t\t\t<\/div>\n\t\t\t\t<\/div>\n\t\t\t\t<\/div>\n\t\t\t\t<\/div>\n\t\t\t\t<section class=\"elementor-section elementor-top-section elementor-element elementor-element-7b5002ea elementor-section-height-min-height elementor-section-items-stretch elementor-section-boxed elementor-section-height-default jltma-glass-effect-no qodef-elementor-content-no\" data-id=\"7b5002ea\" data-element_type=\"section\" data-e-type=\"section\" data-settings=\"{&quot;background_background&quot;:&quot;video&quot;,&quot;background_video_link&quot;:&quot;https:\\\/\\\/www.youtube.com\\\/watch?v=zBzpmuCiKVI&quot;}\">\n\t\t\t\t\t\t\t\t<div class=\"elementor-background-video-container elementor-hidden-mobile\">\n\t\t\t\t\t\t\t\t\t\t\t\t\t<div class=\"elementor-background-video-embed\" role=\"presentation\"><\/div>\n\t\t\t\t\t\t\t\t\t\t\t\t<\/div>\n\t\t\t\t\t\t\t\t\t<div class=\"elementor-background-overlay\"><\/div>\n\t\t\t\t\t\t\t<div class=\"elementor-container elementor-column-gap-no\">\n\t\t\t\t\t<div class=\"elementor-column elementor-col-100 elementor-top-column elementor-element elementor-element-60b5504c jltma-glass-effect-no\" data-id=\"60b5504c\" data-element_type=\"column\" data-e-type=\"column\">\n\t\t\t<div class=\"elementor-widget-wrap elementor-element-populated\">\n\t\t\t\t\t\t<div class=\"elementor-element elementor-element-2354caf7 jltma-glass-effect-no elementor-widget elementor-widget-heading\" data-id=\"2354caf7\" data-element_type=\"widget\" data-e-type=\"widget\" data-widget_type=\"heading.default\">\n\t\t\t\t<div class=\"elementor-widget-container\">\n\t\t\t\t\t<h2 class=\"elementor-heading-title elementor-size-default\">przysz\u0142o\u015b\u0107 jest teraz<\/h2>\t\t\t\t<\/div>\n\t\t\t\t<\/div>\n\t\t\t\t<div class=\"elementor-element elementor-element-22f635f7 jltma-glass-effect-no elementor-widget elementor-widget-heading\" data-id=\"22f635f7\" data-element_type=\"widget\" data-e-type=\"widget\" data-widget_type=\"heading.default\">\n\t\t\t\t<div class=\"elementor-widget-container\">\n\t\t\t\t\t<h1 class=\"elementor-heading-title elementor-size-default\">hello, invisalign<\/h1>\t\t\t\t<\/div>\n\t\t\t\t<\/div>\n\t\t\t\t<section class=\"elementor-section elementor-inner-section elementor-element elementor-element-15cffd29 elementor-section-boxed elementor-section-height-default elementor-section-height-default jltma-glass-effect-no qodef-elementor-content-no\" data-id=\"15cffd29\" data-element_type=\"section\" data-e-type=\"section\">\n\t\t\t\t\t\t<div class=\"elementor-container elementor-column-gap-default\">\n\t\t\t\t\t<div class=\"elementor-column elementor-col-100 elementor-inner-column elementor-element elementor-element-1bbf3a8a jltma-glass-effect-no\" data-id=\"1bbf3a8a\" data-element_type=\"column\" data-e-type=\"column\">\n\t\t\t<div class=\"elementor-widget-wrap elementor-element-populated\">\n\t\t\t\t\t\t<div class=\"elementor-element elementor-element-278c5220 jltma-glass-effect-no elementor-widget elementor-widget-text-editor\" data-id=\"278c5220\" data-element_type=\"widget\" data-e-type=\"widget\" data-widget_type=\"text-editor.default\">\n\t\t\t\t<div class=\"elementor-widget-container\">\n\t\t\t\t\t\t\t\t\t<p>Obalamy mit, \u017ce nak\u0142adki stosujemy tylko w prostych wadach!\u00a0<\/p><p>System Invisalign to najbardziej zaawansowany technologicznie system nak\u0142adek na \u015bwiecie. Dzi\u0119ki nim mo\u017cemy wyleczy\u0107 z takim samym rezultatem jak aparatem tradycyjnym 99% wad zgryzu. INVISALIGN to ortodoncja XXIw.\u00a0<\/p><p><\/p><p>Marzysz o pi\u0119knym u\u015bmiechu, a jednocze\u015bnie nie chcesz nosi\u0107 tradycyjnego aparatu? Invisalign jest w\u0142a\u015bnie dla Ciebie!\u00a0<\/p>\t\t\t\t\t\t\t\t<\/div>\n\t\t\t\t<\/div>\n\t\t\t\t\t<\/div>\n\t\t<\/div>\n\t\t\t\t\t<\/div>\n\t\t<\/section>\n\t\t<div class=\"elementor-element elementor-element-3c02185 e-flex e-con-boxed qodef-elementor-content-no e-con e-parent\" data-id=\"3c02185\" data-element_type=\"container\" data-e-type=\"container\">\n\t\t\t\t\t<div class=\"e-con-inner\">\n\t\t\t\t<div class=\"elementor-element elementor-element-ddab2c9 jltma-glass-effect-no elementor-widget elementor-widget-image\" data-id=\"ddab2c9\" data-element_type=\"widget\" data-e-type=\"widget\" data-widget_type=\"image.default\">\n\t\t\t\t<div class=\"elementor-widget-container\">\n\t\t\t\t\t\t\t\t\t\t\t\t\t\t\t<img decoding=\"async\" width=\"750\" height=\"500\" src=\"https:\/\/ortodoncjaozog.pl\/wp-content\/uploads\/2023\/08\/AdobeStock_619897961-1024x683.jpeg\" class=\"attachment-large size-large wp-image-1172\" alt=\"\" srcset=\"https:\/\/ortodoncjaozog.pl\/wp-content\/uploads\/2023\/08\/AdobeStock_619897961-1024x683.jpeg 1024w, https:\/\/ortodoncjaozog.pl\/wp-content\/uploads\/2023\/08\/AdobeStock_619897961-300x200.jpeg 300w, https:\/\/ortodoncjaozog.pl\/wp-content\/uploads\/2023\/08\/AdobeStock_619897961-768x512.jpeg 768w, https:\/\/ortodoncjaozog.pl\/wp-content\/uploads\/2023\/08\/AdobeStock_619897961-1536x1024.jpeg 1536w, https:\/\/ortodoncjaozog.pl\/wp-content\/uploads\/2023\/08\/AdobeStock_619897961-2048x1365.jpeg 2048w, https:\/\/ortodoncjaozog.pl\/wp-content\/uploads\/2023\/08\/AdobeStock_619897961-360x240.jpeg 360w, https:\/\/ortodoncjaozog.pl\/wp-content\/uploads\/2023\/08\/AdobeStock_619897961-600x400.jpeg 600w\" sizes=\"(max-width: 750px) 100vw, 750px\" \/>\t\t\t\t\t\t\t\t\t\t\t\t\t\t\t<\/div>\n\t\t\t\t<\/div>\n\t\t\t\t\t<\/div>\n\t\t\t\t<\/div>\n\t\t\t\t\t<\/div>\n\t\t<\/div>\n\t\t\t\t\t<\/div>\n\t\t<\/section>\n\t\t\t\t<section class=\"elementor-section elementor-top-section elementor-element elementor-element-3ba10de5 elementor-section-full_width elementor-section-height-default elementor-section-height-default jltma-glass-effect-no qodef-elementor-content-no\" data-id=\"3ba10de5\" data-element_type=\"section\" data-e-type=\"section\">\n\t\t\t\t\t\t<div class=\"elementor-container elementor-column-gap-default\">\n\t\t\t\t\t<div class=\"elementor-column elementor-col-100 elementor-top-column elementor-element elementor-element-3fd338b0 jltma-glass-effect-no\" data-id=\"3fd338b0\" data-element_type=\"column\" data-e-type=\"column\">\n\t\t\t<div class=\"elementor-widget-wrap elementor-element-populated\">\n\t\t\t\t<div class=\"elementor-element elementor-element-fdf77d2 e-flex e-con-boxed qodef-elementor-content-no e-con e-parent\" data-id=\"fdf77d2\" data-element_type=\"container\" data-e-type=\"container\">\n\t\t\t\t\t<div class=\"e-con-inner\">\n\t\t<div class=\"elementor-element elementor-element-21ce8c9 e-flex e-con-boxed qodef-elementor-content-no e-con e-child\" data-id=\"21ce8c9\" data-element_type=\"container\" data-e-type=\"container\">\n\t\t\t\t\t<div class=\"e-con-inner\">\n\t\t\t\t<div class=\"elementor-element elementor-element-805c731 jltma-glass-effect-no elementor-widget elementor-widget-heading\" data-id=\"805c731\" data-element_type=\"widget\" data-e-type=\"widget\" data-widget_type=\"heading.default\">\n\t\t\t\t<div class=\"elementor-widget-container\">\n\t\t\t\t\t<h2 class=\"elementor-heading-title elementor-size-default\">Rodzaje Zamk\u00f3w<\/h2>\t\t\t\t<\/div>\n\t\t\t\t<\/div>\n\t\t\t\t\t<\/div>\n\t\t\t\t<\/div>\n\t\t\t\t<div class=\"elementor-element elementor-element-9c4b755 jltma-glass-effect-no elementor-widget elementor-widget-text-editor\" data-id=\"9c4b755\" data-element_type=\"widget\" data-e-type=\"widget\" data-widget_type=\"text-editor.default\">\n\t\t\t\t<div class=\"elementor-widget-container\">\n\t\t\t\t\t\t\t\t\t<p><span style=\"text-align: center;\">Poni\u017cej prezentujemy r\u00f3\u017cne systemy zamk\u00f3w na kt\u00f3rych pracujemy, ich wady i zalety oraz kr\u00f3tkie podsumowanie.\u00a0<\/span><\/p>\t\t\t\t\t\t\t\t<\/div>\n\t\t\t\t<\/div>\n\t\t\t\t\t<\/div>\n\t\t\t\t<\/div>\n\t\t\t\t<section class=\"elementor-section elementor-inner-section elementor-element elementor-element-5dff037f elementor-section-boxed elementor-section-height-default elementor-section-height-default jltma-glass-effect-no qodef-elementor-content-no\" data-id=\"5dff037f\" data-element_type=\"section\" data-e-type=\"section\">\n\t\t\t\t\t\t<div class=\"elementor-container elementor-column-gap-default\">\n\t\t\t\t\t<div class=\"elementor-column elementor-col-100 elementor-inner-column elementor-element elementor-element-2286c79e jltma-glass-effect-no\" data-id=\"2286c79e\" data-element_type=\"column\" data-e-type=\"column\">\n\t\t\t<div class=\"elementor-widget-wrap elementor-element-populated\">\n\t\t\t\t\t\t<div class=\"elementor-element elementor-element-650c3d5f jltma-navigation-type-dots jltma-carousel-style-coverflow jltma-glass-effect-no elementor-widget elementor-widget-ma-team-members-slider\" data-id=\"650c3d5f\" data-element_type=\"widget\" data-e-type=\"widget\" data-settings=\"{&quot;item_gap&quot;:{&quot;unit&quot;:&quot;px&quot;,&quot;size&quot;:48,&quot;sizes&quot;:[]},&quot;ma_el_team_carousel_preset&quot;:&quot;-default&quot;,&quot;autoheight&quot;:&quot;yes&quot;,&quot;item_gap_tablet&quot;:{&quot;unit&quot;:&quot;px&quot;,&quot;size&quot;:35,&quot;sizes&quot;:[]},&quot;item_gap_mobile&quot;:{&quot;unit&quot;:&quot;px&quot;,&quot;size&quot;:20,&quot;sizes&quot;:[]}}\" data-widget_type=\"ma-team-members-slider.default\">\n\t\t\t\t\t\n\n\n\t\t\n\t\t\t<div id=\"jltma-team-carousel-650c3d5f\" class=\"jltma-dots-align-bottom-center jltma-team-carousel-slider\" data-settings=\"{&quot;autoplay&quot;:{&quot;delay&quot;:5000},&quot;speed&quot;:1800,&quot;slidesPerGroup&quot;:1,&quot;spaceBetween&quot;:48,&quot;effect&quot;:&quot;coverflow&quot;,&quot;breakpoints&quot;:{&quot;600&quot;:{&quot;slidesPerView&quot;:0,&quot;spaceBetween&quot;:35,&quot;slidesPerGroup&quot;:1},&quot;767&quot;:{&quot;slidesPerView&quot;:0,&quot;spaceBetween&quot;:35,&quot;slidesPerGroup&quot;:1},&quot;1023&quot;:{&quot;slidesPerView&quot;:1,&quot;spaceBetween&quot;:48,&quot;slidesPerGroup&quot;:1}},&quot;navigation&quot;:{&quot;nextEl&quot;:&quot;#jltma-team-carousel-650c3d5f .jltma-arrow--next&quot;,&quot;prevEl&quot;:&quot;#jltma-team-carousel-650c3d5f .jltma-arrow--prev&quot;},&quot;pagination&quot;:{&quot;el&quot;:&quot;#jltma-team-carousel-650c3d5f .swiper-pagination&quot;,&quot;type&quot;:&quot;bullets&quot;,&quot;clickable&quot;:&quot;true&quot;,&quot;dynamicBullets&quot;:false},&quot;scrollbar&quot;:{&quot;el&quot;:&quot;#jltma-team-carousel-650c3d5f .swiper-scrollbar&quot;,&quot;hide&quot;:&quot;true&quot;},&quot;coverflowEffect&quot;:{&quot;rotate&quot;:50,&quot;stretch&quot;:0,&quot;depth&quot;:100,&quot;modifier&quot;:1,&quot;slideShadows&quot;:true}}\">\n\t\t\t\t<div class=\"jltma-team-carousel-wrapper jltma-team-carousel-default jltma-carousel jltma-swiper jltma-swiper__container swiper elementor-jltma-element-650c3d5f-822\" data-jltma-template-widget-id=\"650c3d5f-822\">\n\t\t\t\t\t<div class=\"jltma-team-carousel jltma-swiper__wrapper swiper-wrapper\">\n\t\t\t\t\t\t\n\t\t\t\t\t\t\t<div class=\"jltma-slider__item jltma-swiper__slide swiper-slide jltma-team-carousel-default-inner\">\n\t\t\t\t\t\t\t\t<div class=\"jltma-team-member-default text-center\">\n\t\t\t\t\t\t\t\t\t<div class=\"jltma-team-member-thumb\">\n\t\t\t\t\t\t\t\t\t\t<img decoding=\"async\" width=\"1469\" height=\"861\" src=\"https:\/\/ortodoncjaozog.pl\/wp-content\/uploads\/2023\/07\/bez-nazwy-3.png\" class=\"team-slider-image\" alt=\"Zamki tradycyjne metalowe\" srcset=\"https:\/\/ortodoncjaozog.pl\/wp-content\/uploads\/2023\/07\/bez-nazwy-3.png 1469w, https:\/\/ortodoncjaozog.pl\/wp-content\/uploads\/2023\/07\/bez-nazwy-3-300x176.png 300w, https:\/\/ortodoncjaozog.pl\/wp-content\/uploads\/2023\/07\/bez-nazwy-3-1024x600.png 1024w, https:\/\/ortodoncjaozog.pl\/wp-content\/uploads\/2023\/07\/bez-nazwy-3-768x450.png 768w, https:\/\/ortodoncjaozog.pl\/wp-content\/uploads\/2023\/07\/bez-nazwy-3-600x352.png 600w\" \/>\n\t\t\t\t\t\t\t\t\t<\/div>\n\t\t\t\t\t\t\t\t\t<div class=\"jltma-team-member-content\">\n\t\t\t\t\t\t\t\t\t\t<h3 class=\"jltma-team-member-name\">\n\t\t\t\t\t\t\t\t\t\t\tZamki tradycyjne metalowe\t\t\t\t\t\t\t\t\t\t<\/h3>\n\t\t\t\t\t\t\t\t\t\t<span class=\"jltma-team-member-designation\">\n\t\t\t\t\t\t\t\t\t\t\t\t\t\t\t\t\t\t\t\t\t<\/span>\n\t\t\t\t\t\t\t\t\t\t<p class=\"jltma-team-member-about\">\n\t\t\t\t\t\t\t\t\t\t\tZamki metalowe tradycyjne s\u0105 najcz\u0119\u015bciej wybieranym systemem. Stosujemy zamki niskoprofilowe dzi\u0119ki czemu s\u0105 one praktycznie niewyczuwalne przez Pacjent\u00f3w. Ich mniejszy rozmiar gwarantuje. lepsz\u0105 higien\u0119 aparatu. Mo\u017cna do nich wybiera\u0107 kolorowe gumki &#8211; ligatury. \t\t\t\t\t\t\t\t\t\t<\/p>\n\t\t\t\t\t\t\t\t\t\t\t\t\t\t\t\t\t\t\t<\/div>\n\t\t\t\t\t\t\t\t<\/div>\n\t\t\t\t\t\t\t<\/div>\n\t\t\t\t\t\t\n\t\t\t\t\t\t\t<div class=\"jltma-slider__item jltma-swiper__slide swiper-slide jltma-team-carousel-default-inner\">\n\t\t\t\t\t\t\t\t<div class=\"jltma-team-member-default text-center\">\n\t\t\t\t\t\t\t\t\t<div class=\"jltma-team-member-thumb\">\n\t\t\t\t\t\t\t\t\t\t<img loading=\"lazy\" decoding=\"async\" width=\"2560\" height=\"1707\" src=\"https:\/\/ortodoncjaozog.pl\/wp-content\/uploads\/2023\/08\/AdobeStock_159242174-scaled.jpeg\" class=\"team-slider-image\" alt=\"Zamki tradycyjne kryszta\u0142owe\" srcset=\"https:\/\/ortodoncjaozog.pl\/wp-content\/uploads\/2023\/08\/AdobeStock_159242174-scaled.jpeg 2560w, https:\/\/ortodoncjaozog.pl\/wp-content\/uploads\/2023\/08\/AdobeStock_159242174-300x200.jpeg 300w, https:\/\/ortodoncjaozog.pl\/wp-content\/uploads\/2023\/08\/AdobeStock_159242174-1024x683.jpeg 1024w, https:\/\/ortodoncjaozog.pl\/wp-content\/uploads\/2023\/08\/AdobeStock_159242174-768x512.jpeg 768w, https:\/\/ortodoncjaozog.pl\/wp-content\/uploads\/2023\/08\/AdobeStock_159242174-1536x1024.jpeg 1536w, https:\/\/ortodoncjaozog.pl\/wp-content\/uploads\/2023\/08\/AdobeStock_159242174-2048x1365.jpeg 2048w, https:\/\/ortodoncjaozog.pl\/wp-content\/uploads\/2023\/08\/AdobeStock_159242174-360x240.jpeg 360w, https:\/\/ortodoncjaozog.pl\/wp-content\/uploads\/2023\/08\/AdobeStock_159242174-600x400.jpeg 600w\" \/>\n\t\t\t\t\t\t\t\t\t<\/div>\n\t\t\t\t\t\t\t\t\t<div class=\"jltma-team-member-content\">\n\t\t\t\t\t\t\t\t\t\t<h3 class=\"jltma-team-member-name\">\n\t\t\t\t\t\t\t\t\t\t\tZamki tradycyjne kryszta\u0142owe\t\t\t\t\t\t\t\t\t\t<\/h3>\n\t\t\t\t\t\t\t\t\t\t<span class=\"jltma-team-member-designation\">\n\t\t\t\t\t\t\t\t\t\t\t\t\t\t\t\t\t\t\t\t\t<\/span>\n\t\t\t\t\t\t\t\t\t\t<p class=\"jltma-team-member-about\">\n\t\t\t\t\t\t\t\t\t\t\tZamki kryszta\u0142owe s\u0105 dedykowane Pacjentom doros\u0142ym. Cechuje je 100% przezroczysto\u015b\u0107 co sprawia, \u017ce s\u0105 one niewidoczne dla innych. Wygodne, niewidoczne, bardzo odporne na r\u00f3\u017cnego rodzaju awarie. Marzysz o prostych z\u0119bach jednocze\u015bnie nie chcesz aby inni widzieli? To wyb\u00f3r dla Ciebie!               \t\t\t\t\t\t\t\t\t\t<\/p>\n\t\t\t\t\t\t\t\t\t\t\t\t\t\t\t\t\t\t\t<\/div>\n\t\t\t\t\t\t\t\t<\/div>\n\t\t\t\t\t\t\t<\/div>\n\t\t\t\t\t\t\n\t\t\t\t\t\t\t<div class=\"jltma-slider__item jltma-swiper__slide swiper-slide jltma-team-carousel-default-inner\">\n\t\t\t\t\t\t\t\t<div class=\"jltma-team-member-default text-center\">\n\t\t\t\t\t\t\t\t\t<div class=\"jltma-team-member-thumb\">\n\t\t\t\t\t\t\t\t\t\t<img loading=\"lazy\" decoding=\"async\" width=\"467\" height=\"447\" src=\"https:\/\/ortodoncjaozog.pl\/wp-content\/uploads\/2023\/08\/Zrzut-ekranu-2023-08-3-o-01.33.44.png\" class=\"team-slider-image\" alt=\"Zamki Samoligaturuj\u0105ce\" srcset=\"https:\/\/ortodoncjaozog.pl\/wp-content\/uploads\/2023\/08\/Zrzut-ekranu-2023-08-3-o-01.33.44.png 467w, https:\/\/ortodoncjaozog.pl\/wp-content\/uploads\/2023\/08\/Zrzut-ekranu-2023-08-3-o-01.33.44-300x287.png 300w\" \/>\n\t\t\t\t\t\t\t\t\t<\/div>\n\t\t\t\t\t\t\t\t\t<div class=\"jltma-team-member-content\">\n\t\t\t\t\t\t\t\t\t\t<h3 class=\"jltma-team-member-name\">\n\t\t\t\t\t\t\t\t\t\t\tZamki Samoligaturuj\u0105ce\t\t\t\t\t\t\t\t\t\t<\/h3>\n\t\t\t\t\t\t\t\t\t\t<span class=\"jltma-team-member-designation\">\n\t\t\t\t\t\t\t\t\t\t\t\t\t\t\t\t\t\t\t\t\t<\/span>\n\t\t\t\t\t\t\t\t\t\t<p class=\"jltma-team-member-about\">\n\t\t\t\t\t\t\t\t\t\t\tZamki te posiadaj\u0105 wysokowyspecjalizowany system klapek i zasuw kt\u00f3re utrzymuj\u0105 \u0142uk ortodontyczny. Nie stosujemy w ich przypadku tradycyjnych &#8222;gumek&#8221;. Skr\u00f3cenie czasu leczenia, mniejsze dolegliwo\u015bci po za\u0142o\u017ceniu aparatu, rzadsze wizyty kontrolne to tylko niekt\u00f3re z zalet system\u00f3w samoligatuuj\u0105cych! Z ch\u0119ci\u0105 opowiemy Ci wi\u0119cej na konsultacji!                                      \t\t\t\t\t\t\t\t\t\t<\/p>\n\t\t\t\t\t\t\t\t\t\t\t\t\t\t\t\t\t\t\t<\/div>\n\t\t\t\t\t\t\t\t<\/div>\n\t\t\t\t\t\t\t<\/div>\n\t\t\t\t\t\t\t\t\t\t\t<\/div> <!-- swiper-wrapper -->\n\n\t\t\t\t<\/div>\n\n\t\t\t\t        <div class=\"jltma-arrows jltma-swiper__navigation jltma-swiper__pagination jltma-swiper__pagination--dots jltma-position-z-index jltma-swiper__pagination-650c3d5f  jltma-position-bottom-center swiper-pagination\" id=\"jltma-arrows-650c3d5f\">\n                    <\/div>\n\n    \n\t\t\t\t\n\n\t\t\t\t\t<\/div>\n\n\n\t\t\t\t\t\t<\/div>\n\t\t\t\t\t<\/div>\n\t\t<\/div>\n\t\t\t\t\t<\/div>\n\t\t<\/section>\n\t\t\t\t\t<\/div>\n\t\t<\/div>\n\t\t\t\t\t<\/div>\n\t\t<\/section>\n\t\t<div class=\"elementor-element elementor-element-ebdf409 e-flex e-con-boxed qodef-elementor-content-no e-con e-parent\" data-id=\"ebdf409\" data-element_type=\"container\" data-e-type=\"container\" data-settings=\"{&quot;background_background&quot;:&quot;classic&quot;,&quot;shape_divider_top&quot;:&quot;tilt&quot;}\">\n\t\t\t\t\t<div class=\"e-con-inner\">\n\t\t\t\t<div class=\"elementor-shape elementor-shape-top\" aria-hidden=\"true\" data-negative=\"false\">\n\t\t\t<svg xmlns=\"http:\/\/www.w3.org\/2000\/svg\" viewBox=\"0 0 1000 100\" preserveAspectRatio=\"none\">\n\t<path class=\"elementor-shape-fill\" d=\"M0,6V0h1000v100L0,6z\"\/>\n<\/svg>\t\t<\/div>\n\t\t\t\t\t<\/div>\n\t\t\t\t<\/div>\n\t\t\t\t<\/div>\n\t\t","protected":false},"excerpt":{"rendered":"<p>Nowoczesne metody leczenia ortodontycznego doros\u0142ych i dzieci Ka\u017cdy z naszych Pacjent\u00f3w otrzymuje &nbsp; &nbsp; &nbsp; &nbsp; &nbsp; &nbsp; &nbsp; &nbsp; &nbsp; &nbsp; &nbsp; &nbsp; &nbsp; &nbsp; &nbsp; &nbsp;&nbsp;Indywidualny Cyfrowy Plan Leczenia.&nbsp; Ma on posta\u0107 cyfrowej prezentacji gdzie omawiamy:&nbsp; &#8211; Pa\u0144stwa wad\u0119 zgryzu (wykorzystuj\u0105c analiz\u0119 Digital Smile Design) oraz spos\u00f3b jej [&hellip;]<\/p>\n","protected":false},"author":1,"featured_media":0,"parent":0,"menu_order":0,"comment_status":"closed","ping_status":"closed","template":"","meta":{"_eb_attr":"","footnotes":""},"class_list":["post-822","page","type-page","status-publish","hentry"],"_links":{"self":[{"href":"https:\/\/ortodoncjaozog.pl\/index.php?rest_route=\/wp\/v2\/pages\/822","targetHints":{"allow":["GET"]}}],"collection":[{"href":"https:\/\/ortodoncjaozog.pl\/index.php?rest_route=\/wp\/v2\/pages"}],"about":[{"href":"https:\/\/ortodoncjaozog.pl\/index.php?rest_route=\/wp\/v2\/types\/page"}],"author":[{"embeddable":true,"href":"https:\/\/ortodoncjaozog.pl\/index.php?rest_route=\/wp\/v2\/users\/1"}],"replies":[{"embeddable":true,"href":"https:\/\/ortodoncjaozog.pl\/index.php?rest_route=%2Fwp%2Fv2%2Fcomments&post=822"}],"version-history":[{"count":44,"href":"https:\/\/ortodoncjaozog.pl\/index.php?rest_route=\/wp\/v2\/pages\/822\/revisions"}],"predecessor-version":[{"id":1216,"href":"https:\/\/ortodoncjaozog.pl\/index.php?rest_route=\/wp\/v2\/pages\/822\/revisions\/1216"}],"wp:attachment":[{"href":"https:\/\/ortodoncjaozog.pl\/index.php?rest_route=%2Fwp%2Fv2%2Fmedia&parent=822"}],"curies":[{"name":"wp","href":"https:\/\/api.w.org\/{rel}","templated":true}]}}